{"id":57,"date":"2023-12-18T11:24:10","date_gmt":"2023-12-18T10:24:10","guid":{"rendered":"http:\/\/travyra.se\/?page_id=57"},"modified":"2023-12-18T13:51:38","modified_gmt":"2023-12-18T12:51:38","slug":"nyheter-2019-2020","status":"publish","type":"page","link":"http:\/\/travyra.se\/?page_id=57","title":{"rendered":"NYHETER 2019-2020"},"content":{"rendered":"\n<p><strong>NYHETER 2019-2020<\/strong>&nbsp;<br>Efter att ha tagit ett fast grepp om h\u00e4ndelserna redan i f\u00f6rsta loppet blev Rulle Travyram\u00e4stare 2020 efter att klart ha besegrat Micko med 6-4 och inh\u00f6stat s\u00e4songens st\u00f6rsta vinstbong.&nbsp; Rulle fick, som brukligt, mottaga Smissens pokal som fylldes med v\u00e4l smakande \u00f6l. I \u00f6vrigt bj\u00f6d dagen sm\u00f6rg\u00e5st\u00e5rta, tipspromenad, hamburgare med allehanda tillbeh\u00f6r inklusive sallad och en och annan dryck. Uksningar f\u00f6rekom &#8211; de flesta inriktade mot inspelade pengar och f\u00f6ga \u00f6verraskande riktade mot en medlem som tidigare varit i vilande l\u00e4ge och som redan f\u00f6rra s\u00e4songen h\u00e4ngde p\u00e5 den beryktade g\u00e4rdesg\u00e5rden och \u00e4nnu inte f\u00e5tt fast mark under f\u00f6tterna. I dessa diskussioner utlovades en vinst om minst 10,000:- kommande s\u00e4song av den p\u00e5 g\u00e4rdesg\u00e5rden h\u00e4ngande personen (Kj*ll*) Avseende \u00e5rsm\u00f6tet avsattes WM f\u00f6r 2019\/20 och ny WM f\u00f6r 2020\/21 valdes. Vidare avsattes 50% av s\u00e4songens vinst till resekommitt\u00e9n&#8230;(09.08.2020)<\/p>\n\n\n\n<p>Suddenseger f\u00f6r Stig i Bottenfinalen mot Kjelle. &#8221;Stig hade egentligen allt under kontroll fr\u00e5n start till slut&#8221; h\u00e4vdar hans agent Jonny Stursk. Ingen p\u00e5fyllning i kassan men l\u00e4ttnader i reserestriktionerna r\u00e4ddar Travyraavslutningen. &#8221;Vi har till sist hittat en l\u00f6sning p\u00e5 hur vi ska kunna begr\u00e4nsa eventet till att omfatta f\u00e4rre \u00e4n 50 personer&#8221; s\u00e4ger Krobbe, VD f\u00f6r \u00e5rets arrang\u00f6r&#8230;(01.08.2020)<\/p>\n\n\n\n<p>Micko till final efter suddenseger mot Terje. Ingen p\u00e5fyllning i kassan och reserestriktionerna kvarst\u00e5r of\u00f6r\u00e4ndrade&#8230;(25.07.2020)<\/p>\n\n\n\n<p>Rulle till final efter suddenseger mot JanJ\u00f6rgenz. Ingen p\u00e5fyllning i kassan och reserestriktionerna kvarst\u00e5r&#8230;(18.07.2020)<\/p>\n\n\n\n<p>Micko till semi efter att ha avgjort mot Peo redan efter 4 lopp. En liten sudd in till kontot blev det ocks\u00e5, dock inte s\u00e5pass att THVM fann anledning att \u00e4ndra n\u00e5gra restriktioner eller ens yttra sig&#8230;(11.07.2020)&nbsp;<br><br>Terje till semi efter suddenseger mot Kratz som trots uksning fick ge sig&#8230;(04.07.2020) JanJ\u00f6rgenz vann familjederbykvarten mot Smissen och st\u00e4lls mot Rulle i semi&#8230;(27.06.2020)<\/p>\n\n\n\n<p>Rulle till semi efter uddam\u00e5lsseger mot Svinto&#8230;(21.06.2020)<\/p>\n\n\n\n<p>Uddam\u00e5lsseger f\u00f6r Svinto mot JanJ\u00f6rgenz och kvartsfinalerna nu klara. Travyras h\u00e4lsov\u00e5rdsmyndighet mm konstaterar att man visst f\u00e5r resa inom landet fr\u00e5n 13:e juni men noterar samtidigt att det inte finns substans f\u00f6r l\u00e4ttnader i Travyras reserestriktioner&#8230;(13.06.2020)<\/p>\n\n\n\n<p>Ingen \u00e5teruppr\u00e4ttelse f\u00f6r Kjelle efter dyngtorsk mot Terje. Bottenfinal mot erk\u00e4nt skicklige Stig v\u00e4ntar. Travyras h\u00e4lsov\u00e5rdsmyndighet mm konstaterar att man visst f\u00e5r resa inom landet fr\u00e5n 13:e juni men f\u00f6rh\u00e5ller sig fortsatt skeptisk till att kalla till m\u00f6te f\u00f6r att diskutera eventuella l\u00e4ttnader i Travyras reserestriktioner&#8230;(06.06.2020)<\/p>\n\n\n\n<p>Efter Mickos suddenseger mot Smissen framg\u00e5r det med all \u00f6nskv\u00e4rd tydlighet att Kjelles chans att missa bottenfinalen \u00e4r seger mot Terje och 8 papp in. Travyras h\u00e4lsov\u00e5rdsmyndighet mm har med anledning av detta st\u00e4llt in sitt m\u00f6te f\u00f6r att diskutera eventuella l\u00e4ttnader i Travyras reserestriktioner&#8230;(30.05.2020)&nbsp;<br><br>Sansl\u00f6s spurt av f\u00f6rde Peo till topps efter uddam\u00e5lsseger mot Rulle som helt tappade mot slutet. Eventuella l\u00e4ttnader i Travyras reserestriktioner har skjutits upp&#8230;(23.05.2020)<\/p>\n\n\n\n<p>Efter Stigs suddenseger mot Kratz \u00e4r det endast rej\u00e4l vinst, p\u00e5 alla ledder, som g\u00e4ller f\u00f6r Kjelle den 6\/6 om sistaplatsen ska undvikas. L\u00e4ttnader i Travyras reserestriktioner har n\u00e4mnts&#8230;(16.05.2020)&nbsp;<br><br>JanJ\u00f6rgenz till topps efter suddenseger mot Terje. De demonstrationer som&nbsp; h\u00e5llits mot Travyras reserestriktioner har avklingat&#8230;(09.05.2020)<\/p>\n\n\n\n<p>H\u00e5rt men r\u00e4ttvist n\u00e4r Micko besegrade Peo och fortsatte vinsttrenden. Dock, och det kan inte nog understrykas, konstateras att Travyras reserestriktioner kvarst\u00e5r of\u00f6r\u00e4ndrat&#8230;(02.05.2020)<\/p>\n\n\n\n<p>Kratz gjorde processen kort med Kjelle och br\u00f6t ovinsttrenden. Dock p\u00e5pekas att Travyras reserestriktioner kvarst\u00e5r of\u00f6r\u00e4ndrat&#8230;(25.04.2020)<\/p>\n\n\n\n<p>Svinto vann mot Stig i en rysare som avgjordes i sista loppet. Detta till trots &#8211; nu 20 raka omg\u00e5ngar utan spelvinst. Travyras reserestriktioner kvarst\u00e5r of\u00f6r\u00e4ndrat&#8230;(18.04.2020)<\/p>\n\n\n\n<p>Rulle besegrade Smissen efter en stark start. Nu 19 raka omg\u00e5ngar utan spelvinst. Travyra h\u00e5ller sig v\u00e4l inom alla uppt\u00e4nkliga rekommendationer &#8211; utan att beh\u00f6va \u00e5l\u00e4ggas resef\u00f6rbud&#8230;(12.04.2020)<\/p>\n\n\n\n<p>Kratz suddenvann mot Micko &#8211; trots s\u00e4mre strykningstaktik. Inte f\u00f6r att det blev n\u00e5gon skillnad p\u00e5 st\u00e5larnas uteblivande som fortsatt h\u00e5ller i sig. Men \u00e5 andra sidan \u00e4r det ju resef\u00f6rbud till allt som skulle ha kunnat vara intressant&#8230;(04.04.2020)<\/p>\n\n\n\n<p>Peo till topps efter uddam\u00e5lsseger mot Terje&#8230;St\u00e5larna uteblir fortsatt men \u00e5 andra sidan \u00e4r det ju \u00e4nd\u00e5 resef\u00f6rbud till allt som skulle ha kunnat vara intressant&#8230;(28.03.2020)<\/p>\n\n\n\n<p>Rulle besegrade JanJ\u00f6rgenz efter sudden&#8230;St\u00e5larna lyser fortsatt med sin fr\u00e5nvaro men \u00e5 andra sidan \u00e4r det ju \u00e4nd\u00e5 resef\u00f6rbud till de matcher som inte spelas&#8230;(21.03.2020)<\/p>\n\n\n\n<p>Svinto gjorde processen kort med Kjelle &#8211; dock utan att b\u00f6rsen fylldes p\u00e5&#8230;(14.03.2020)<\/p>\n\n\n\n<p>Smissen gjorde processen kort med Stig &#8211; dock utan att b\u00f6rsen fylldes p\u00e5&#8230;(07.03.2020)<\/p>\n\n\n\n<p>Kjelle suddenvann mot Rulle &#8211; \u00e5ttonde raka matchen som gick till sudden &#8211; och inte en sp\u00e4nn in i omg\u00e5ng 6&#8230;(29.02.2020)<\/p>\n\n\n\n<p>Micko besegrade Terje efter sudden&#8230;St\u00e5larna lyser dock ocks\u00e5 h\u00e4r med sin fr\u00e5nvaro&#8230;(22.02.2020)<\/p>\n\n\n\n<p>Efter videogranskning &#8211; m\u00e5l! Svinto besegrade Kratz efter sudden&#8230;St\u00e5larna lyser dock med sin fr\u00e5nvaro&#8230;(15.02.2020)<br><br>\u00c5terigen en match till sudden, denna g\u00e5ng vann Peo mot Stig&#8230;(08.02.2020)<\/p>\n\n\n\n<p>Smissen lyfter i tabellen efter suddenseger i familjefejden&#8230;(01.02.2020)<\/p>\n\n\n\n<p>Rulle suddensegrade \u00e5terigen, denna g\u00e5ng mot Micko den segervisse\u2026(25.01.2020)<\/p>\n\n\n\n<p>Terje suddensegrade mot kall Kratz\u2026(18.01.2020)<\/p>\n\n\n\n<p>Suddenvinst f\u00f6r JanJ\u00f6rgenz i den tidiga seriefinalen mot Peo\u2026(11.01.2020)<\/p>\n\n\n\n<p>Spel mot ett m\u00e5l n\u00e4r Kjelle besegrade Stig med 3-0\u2026(04.01.2020)&nbsp;<br><br>Spel mot ett m\u00e5l n\u00e4r Smissen besegrade Svinto med 4-0&#8230;(31.12.2019)<\/p>\n\n\n\n<p>Terje suddensegrade mot het Stig&#8230;(28.12.2019)<\/p>\n\n\n\n<p>Peo fortsatt obesegrad efter suddenseger mot Kratz&#8230;(21.12.2019)&nbsp;<br><br>Spel mot ett m\u00e5l n\u00e4r JanJ\u00f6rgenz enkelt besegrade Micko&#8230;(14.12.2019)<\/p>\n\n\n\n<p>Rulle suddenbesegrade Svinto och pengar in fr\u00e5n alla h\u00e5ll\u2026(07.12.2019)<\/p>\n\n\n\n<p>Smissen besegrade Kjelle med uddam\u00e5let efter reservgranskning\u2026(30.11.2019)<\/p>\n\n\n\n<p>Storseger f\u00f6r Stig mot Micko och tydligt infl\u00f6de i kassan\u2026(23.11.2019)<\/p>\n\n\n\n<p>Suddenseger f\u00f6r Kratz mot Rulle, varken mer eller mindre\u2026(16.11.2019)<\/p>\n\n\n\n<p>JanJ\u00f6rgenz nollade Kjelle och drog in st\u00e5lar f\u00f6r tredje tippningen i rad\u2026(09.11.2019)<\/p>\n\n\n\n<p>Uddam\u00e5lsseger f\u00f6r Svinto mot Terje, inte ett \u00f6re in\u2026(02.11.2019)&nbsp;<br><br>Peo fortsatt obesegrad efter uddam\u00e5lsseger mot Smissen\u2026(26.10.2019)<\/p>\n\n\n\n<p>JanJ\u00f6rgenz fortsatt obesegrade efter uddam\u00e5lsseger mot Kratz\u2026(19.10.2019)<\/p>\n\n\n\n<p>Kjelle till botts efter Stigs suddenseger mot Rulle\u2026(12.10.2019)<br><br>Terje fortsatt stark, idag seger mot Smissen och lite pengar in\u2026(05.10.2019)<\/p>\n\n\n\n<p>Micko besegrade, utan att \u00f6vertyga, Kjelle med uddam\u00e5let&#8230;(28.09.2019)<\/p>\n\n\n\n<p>Peo forts\u00e4tter att \u00f6vertyga, nu med klar seger mot Svinto och pengar in\u2026(21.09.2019)<\/p>\n\n\n\n<p>Terje till topps efter storseger mot Rulle, trots den senares utanf\u00f6r-boxen-t\u00e4nk i tippningen&#8230;(14.09.2019)<\/p>\n\n\n\n<p>Storskr\u00e4ll n\u00e4r JanJ\u00f6rgenz bortabesegrade Stig och fyllde p\u00e5 kontot\u2026 (08.09.2019)<\/p>\n\n\n\n<p>Kratz uddam\u00e5lsbesegrade Smissen i det klassiska dansbandsderbyt\u2026(31.08.2019)<\/p>\n\n\n\n<p>Peo till topps efter \u00f6vertygande seger mot Kjelle som \u00e5ter intar bottenposition\u2026(24.08.2019)<\/p>\n\n\n\n<p>Den nya s\u00e4songen startade med uddam\u00e5lsvinst f\u00f6r Svinto mot Micko och ingen p\u00e5fyllning till resepotten\u2026(18.08.2019)<\/p>\n","protected":false},"excerpt":{"rendered":"<p>NYHETER 2019-2020&nbsp;Efter att ha tagit ett fast grepp om h\u00e4ndelserna redan i f\u00f6rsta loppet blev Rulle Travyram\u00e4stare 2020 efter att klart ha besegrat Micko med 6-4 och inh\u00f6stat s\u00e4songens st\u00f6rsta vinstbong.&nbsp; Rulle fick, som brukligt, mottaga Smissens pokal som fylldes med v\u00e4l smakande \u00f6l. I \u00f6vrigt bj\u00f6d dagen sm\u00f6rg\u00e5st\u00e5rta, tipspromenad, hamburgare med allehanda tillbeh\u00f6r inklusive &hellip; <a href=\"http:\/\/travyra.se\/?page_id=57\" class=\"more-link\">Forts\u00e4tt l\u00e4sa <span class=\"screen-reader-text\">NYHETER 2019-2020<\/span><\/a><\/p>\n","protected":false},"author":1,"featured_media":0,"parent":0,"menu_order":0,"comment_status":"closed","ping_status":"closed","template":"","meta":{"footnotes":""},"class_list":["post-57","page","type-page","status-publish","hentry"],"_links":{"self":[{"href":"http:\/\/travyra.se\/index.php?rest_route=\/wp\/v2\/pages\/57","targetHints":{"allow":["GET"]}}],"collection":[{"href":"http:\/\/travyra.se\/index.php?rest_route=\/wp\/v2\/pages"}],"about":[{"href":"http:\/\/travyra.se\/index.php?rest_route=\/wp\/v2\/types\/page"}],"author":[{"embeddable":true,"href":"http:\/\/travyra.se\/index.php?rest_route=\/wp\/v2\/users\/1"}],"replies":[{"embeddable":true,"href":"http:\/\/travyra.se\/index.php?rest_route=%2Fwp%2Fv2%2Fcomments&post=57"}],"version-history":[{"count":2,"href":"http:\/\/travyra.se\/index.php?rest_route=\/wp\/v2\/pages\/57\/revisions"}],"predecessor-version":[{"id":85,"href":"http:\/\/travyra.se\/index.php?rest_route=\/wp\/v2\/pages\/57\/revisions\/85"}],"wp:attachment":[{"href":"http:\/\/travyra.se\/index.php?rest_route=%2Fwp%2Fv2%2Fmedia&parent=57"}],"curies":[{"name":"wp","href":"https:\/\/api.w.org\/{rel}","templated":true}]}}